{"id":109,"date":"2022-06-02T08:17:13","date_gmt":"2022-06-02T06:17:13","guid":{"rendered":"https:\/\/karsten-nendel-stiftung.de\/kns\/?page_id=109"},"modified":"2022-07-05T04:36:28","modified_gmt":"2022-07-05T02:36:28","slug":"polder-bresewitz","status":"publish","type":"page","link":"https:\/\/karsten-nendel-stiftung.de\/kns\/projekte\/polder-bresewitz\/","title":{"rendered":"Polder Bresewitz"},"content":{"rendered":"\n<h5 class=\"wp-block-heading\">Ausdeichung und naturschutz-vertr\u00e4gliche Gestaltung und Nutzung eines Polders<\/h5>\n\n\n\n<p>\u201eSchatz der K\u00fcste\u201c ist der fast schon poetisch formulierte Titel eines sog. Verbundvorhabens zur Entwicklung der naturraumtypischen Vielfalt der Landschaft, Lebensr\u00e4ume und Lebensgemeinschaften in der Region Vorpommersche Boddenlandschaft und Rostocker Heide.<\/p>\n\n\n\n<p>Dieses komplexe Gesamtvorhaben ist eingebettet in das Bundesprogramm \u201eBiologische Vielfalt\u201c und wird aus diesem heraus auch mitfinanziert.<\/p>\n\n\n\n<p>Ein wichtiges Projekt im Rahmen dieses Programmes ist die Ausdeichung des nord-\u00f6stlichen Teils der Halbinsel Bresewitz, also die Beseitigung des Dammes auf diesen Landfl\u00e4chen zur Ostsee hin.<\/p>\n\n\n\n<p>Dieses Projekt wurde 2019\/2020 in Kooperation von Ostsee-Stiftung, WWF und Karsten Nendel Stiftung in einem ersten, wichtigen Bauabschnitt vollzogen, n\u00e4mlich die Abtragung des Deiches einer Gesamtl\u00e4nge von rd. 5 km.<\/p>\n\n\n\n<p>Damit wurde eine Fl\u00e4che von rd. 100 ha wieder \u00fcberflutbar durch die Ostsee, Voraussetzung zur Entwicklung der f\u00fcr K\u00fcstenlagen typischen Lebensr\u00e4ume f\u00fcr Flora und Fauna.<\/p>\n\n\n\n<p>Dazu z\u00e4hlt ganz wesentlich die Entstehung von Salzgr\u00fcnland mit der positiven Wirkungen auf Bestand und Qualit\u00e4t vorhandener Salzmoore und auf die zuk\u00fcnftige Mehrung von \u00f6kologisch wertigem Moorbestand.<\/p>\n\n\n\n<p>Das setzt allerdings die Realisierung nachhaltig wirkender Bewirtschaftungskonzepte voraus, die naturschutz-vertr\u00e4glich und naturschutz-f\u00f6rderlich gestaltet sein m\u00fcssen. Eine extensive Beweidung der Fl\u00e4chen ist dieser Zielsetzung zutr\u00e4glich.<\/p>\n\n\n\n<p>Im besonderen hier, in der natur-verbundenen Bewirtschaftung durch extensive, planvolle Mahd und eine der Entwicklung und Verbesserung von neu gewonnenen Salzgras-Fl\u00e4chen und Moorgebieten f\u00f6rderlichen Vieh-Beweidung, ist wiederum die Karsten Nendel Stiftung (in vertragsgestalteter Kooperation mit ans\u00e4ssigen Landwirtschaftsbetrieben) beispielhaft engagiert.<\/p>\n\n\n\n<p><strong>Hier finden Sie den Steckbrief zum Polder:<\/strong><\/p>\n\n\n<div class=\"wp-block-image\">\n<figure class=\"aligncenter size-large is-resized\"><a href=\"https:\/\/karsten-nendel-stiftung.de\/kns\/wp-content\/uploads\/2022\/06\/Steckbrief-Polder-Bresewitz.pdf\" target=\"_blank\" rel=\"noreferrer noopener\"><img loading=\"lazy\" decoding=\"async\" src=\"https:\/\/karsten-nendel-stiftung.de\/kns\/wp-content\/uploads\/2022\/06\/image-1024x1024.png\" alt=\"Steckbrief Polder Bresewitz\" class=\"wp-image-260\" width=\"512\" height=\"512\" srcset=\"https:\/\/karsten-nendel-stiftung.de\/kns\/wp-content\/uploads\/2022\/06\/image-1024x1024.png 1024w, https:\/\/karsten-nendel-stiftung.de\/kns\/wp-content\/uploads\/2022\/06\/image-300x300.png 300w, https:\/\/karsten-nendel-stiftung.de\/kns\/wp-content\/uploads\/2022\/06\/image-100x100.png 100w, https:\/\/karsten-nendel-stiftung.de\/kns\/wp-content\/uploads\/2022\/06\/image-640x640.png 640w\" sizes=\"auto, (max-width: 512px) 100vw, 512px\" \/><\/a><figcaption>Quelle: Ostseestiftung<\/figcaption><\/figure>\n<\/div>","protected":false},"excerpt":{"rendered":"<p>Ausdeichung und naturschutz-vertr\u00e4gliche Gestaltung und Nutzung eines Polders \u201eSchatz der K\u00fcste\u201c ist der fast schon poetisch formulierte Titel eines sog. Verbundvorhabens zur Entwicklung der naturraumtypischen Vielfalt der Landschaft, Lebensr\u00e4ume und Lebensgemeinschaften in der Region Vorpommersche Boddenlandschaft und Rostocker Heide. Dieses komplexe Gesamtvorhaben ist eingebettet&#8230;<\/p>\n","protected":false},"author":2,"featured_media":0,"parent":41,"menu_order":0,"comment_status":"closed","ping_status":"closed","template":"","meta":{"give_campaign_id":0,"two_page_speed":[],"footnotes":""},"class_list":["post-109","page","type-page","status-publish","hentry"],"yoast_head":"<!-- This site is optimized with the Yoast SEO plugin v27.4 - https:\/\/yoast.com\/product\/yoast-seo-wordpress\/ -->\n<title>Polder Bresewitz - Karsten-Nendel-Stiftung<\/title>\n<meta name=\"robots\" content=\"index, follow, max-snippet:-1, max-image-preview:large, max-video-preview:-1\" \/>\n<link rel=\"canonical\" href=\"https:\/\/karsten-nendel-stiftung.de\/kns\/projekte\/polder-bresewitz\/\" \/>\n<meta property=\"og:locale\" content=\"de_DE\" \/>\n<meta property=\"og:type\" content=\"article\" \/>\n<meta property=\"og:title\" content=\"Polder Bresewitz - Karsten-Nendel-Stiftung\" \/>\n<meta property=\"og:description\" content=\"Ausdeichung und naturschutz-vertr\u00e4gliche Gestaltung und Nutzung eines Polders \u201eSchatz der K\u00fcste\u201c ist der fast schon poetisch formulierte Titel eines sog. Verbundvorhabens zur Entwicklung der naturraumtypischen Vielfalt der Landschaft, Lebensr\u00e4ume und Lebensgemeinschaften in der Region Vorpommersche Boddenlandschaft und Rostocker Heide. Dieses komplexe Gesamtvorhaben ist eingebettet...\" \/>\n<meta property=\"og:url\" content=\"https:\/\/karsten-nendel-stiftung.de\/kns\/projekte\/polder-bresewitz\/\" \/>\n<meta property=\"og:site_name\" content=\"Karsten-Nendel-Stiftung\" \/>\n<meta property=\"article:modified_time\" content=\"2022-07-05T02:36:28+00:00\" \/>\n<meta property=\"og:image\" content=\"https:\/\/karsten-nendel-stiftung.de\/kns\/wp-content\/uploads\/2022\/06\/image-1024x1024.png\" \/>\n<meta name=\"twitter:card\" content=\"summary_large_image\" \/>\n<meta name=\"twitter:label1\" content=\"Gesch\u00e4tzte Lesezeit\" \/>\n\t<meta name=\"twitter:data1\" content=\"1\u00a0Minute\" \/>\n<script type=\"application\/ld+json\" class=\"yoast-schema-graph\">{\"@context\":\"https:\\\/\\\/schema.org\",\"@graph\":[{\"@type\":\"WebPage\",\"@id\":\"https:\\\/\\\/karsten-nendel-stiftung.de\\\/kns\\\/projekte\\\/polder-bresewitz\\\/\",\"url\":\"https:\\\/\\\/karsten-nendel-stiftung.de\\\/kns\\\/projekte\\\/polder-bresewitz\\\/\",\"name\":\"Polder Bresewitz - Karsten-Nendel-Stiftung\",\"isPartOf\":{\"@id\":\"https:\\\/\\\/karsten-nendel-stiftung.de\\\/kns\\\/#website\"},\"primaryImageOfPage\":{\"@id\":\"https:\\\/\\\/karsten-nendel-stiftung.de\\\/kns\\\/projekte\\\/polder-bresewitz\\\/#primaryimage\"},\"image\":{\"@id\":\"https:\\\/\\\/karsten-nendel-stiftung.de\\\/kns\\\/projekte\\\/polder-bresewitz\\\/#primaryimage\"},\"thumbnailUrl\":\"https:\\\/\\\/karsten-nendel-stiftung.de\\\/kns\\\/wp-content\\\/uploads\\\/2022\\\/06\\\/image-1024x1024.png\",\"datePublished\":\"2022-06-02T06:17:13+00:00\",\"dateModified\":\"2022-07-05T02:36:28+00:00\",\"breadcrumb\":{\"@id\":\"https:\\\/\\\/karsten-nendel-stiftung.de\\\/kns\\\/projekte\\\/polder-bresewitz\\\/#breadcrumb\"},\"inLanguage\":\"de\",\"potentialAction\":[{\"@type\":\"ReadAction\",\"target\":[\"https:\\\/\\\/karsten-nendel-stiftung.de\\\/kns\\\/projekte\\\/polder-bresewitz\\\/\"]}]},{\"@type\":\"ImageObject\",\"inLanguage\":\"de\",\"@id\":\"https:\\\/\\\/karsten-nendel-stiftung.de\\\/kns\\\/projekte\\\/polder-bresewitz\\\/#primaryimage\",\"url\":\"https:\\\/\\\/karsten-nendel-stiftung.de\\\/kns\\\/wp-content\\\/uploads\\\/2022\\\/06\\\/image.png\",\"contentUrl\":\"https:\\\/\\\/karsten-nendel-stiftung.de\\\/kns\\\/wp-content\\\/uploads\\\/2022\\\/06\\\/image.png\",\"width\":1429,\"height\":1213,\"caption\":\"Steckbrief Polder Bresewitz\"},{\"@type\":\"BreadcrumbList\",\"@id\":\"https:\\\/\\\/karsten-nendel-stiftung.de\\\/kns\\\/projekte\\\/polder-bresewitz\\\/#breadcrumb\",\"itemListElement\":[{\"@type\":\"ListItem\",\"position\":1,\"name\":\"Startseite\",\"item\":\"https:\\\/\\\/karsten-nendel-stiftung.de\\\/kns\\\/\"},{\"@type\":\"ListItem\",\"position\":2,\"name\":\"Projekte\",\"item\":\"https:\\\/\\\/karsten-nendel-stiftung.de\\\/kns\\\/projekte\\\/\"},{\"@type\":\"ListItem\",\"position\":3,\"name\":\"Polder Bresewitz\"}]},{\"@type\":\"WebSite\",\"@id\":\"https:\\\/\\\/karsten-nendel-stiftung.de\\\/kns\\\/#website\",\"url\":\"https:\\\/\\\/karsten-nendel-stiftung.de\\\/kns\\\/\",\"name\":\"Karsten-Nendel-Stiftung\",\"description\":\"Naturschutz: F\u00fcr die Natur, mit der Natur!\",\"publisher\":{\"@id\":\"https:\\\/\\\/karsten-nendel-stiftung.de\\\/kns\\\/#organization\"},\"potentialAction\":[{\"@type\":\"SearchAction\",\"target\":{\"@type\":\"EntryPoint\",\"urlTemplate\":\"https:\\\/\\\/karsten-nendel-stiftung.de\\\/kns\\\/?s={search_term_string}\"},\"query-input\":{\"@type\":\"PropertyValueSpecification\",\"valueRequired\":true,\"valueName\":\"search_term_string\"}}],\"inLanguage\":\"de\"},{\"@type\":\"Organization\",\"@id\":\"https:\\\/\\\/karsten-nendel-stiftung.de\\\/kns\\\/#organization\",\"name\":\"Karsten-Nendel-Stiftung\",\"url\":\"https:\\\/\\\/karsten-nendel-stiftung.de\\\/kns\\\/\",\"logo\":{\"@type\":\"ImageObject\",\"inLanguage\":\"de\",\"@id\":\"https:\\\/\\\/karsten-nendel-stiftung.de\\\/kns\\\/#\\\/schema\\\/logo\\\/image\\\/\",\"url\":\"https:\\\/\\\/karsten-nendel-stiftung.de\\\/kns\\\/wp-content\\\/uploads\\\/2022\\\/05\\\/logo2-1-e1655799995143.png\",\"contentUrl\":\"https:\\\/\\\/karsten-nendel-stiftung.de\\\/kns\\\/wp-content\\\/uploads\\\/2022\\\/05\\\/logo2-1-e1655799995143.png\",\"width\":350,\"height\":207,\"caption\":\"Karsten-Nendel-Stiftung\"},\"image\":{\"@id\":\"https:\\\/\\\/karsten-nendel-stiftung.de\\\/kns\\\/#\\\/schema\\\/logo\\\/image\\\/\"}}]}<\/script>\n<!-- \/ Yoast SEO plugin. -->","yoast_head_json":{"title":"Polder Bresewitz - Karsten-Nendel-Stiftung","robots":{"index":"index","follow":"follow","max-snippet":"max-snippet:-1","max-image-preview":"max-image-preview:large","max-video-preview":"max-video-preview:-1"},"canonical":"https:\/\/karsten-nendel-stiftung.de\/kns\/projekte\/polder-bresewitz\/","og_locale":"de_DE","og_type":"article","og_title":"Polder Bresewitz - Karsten-Nendel-Stiftung","og_description":"Ausdeichung und naturschutz-vertr\u00e4gliche Gestaltung und Nutzung eines Polders \u201eSchatz der K\u00fcste\u201c ist der fast schon poetisch formulierte Titel eines sog. Verbundvorhabens zur Entwicklung der naturraumtypischen Vielfalt der Landschaft, Lebensr\u00e4ume und Lebensgemeinschaften in der Region Vorpommersche Boddenlandschaft und Rostocker Heide. Dieses komplexe Gesamtvorhaben ist eingebettet...","og_url":"https:\/\/karsten-nendel-stiftung.de\/kns\/projekte\/polder-bresewitz\/","og_site_name":"Karsten-Nendel-Stiftung","article_modified_time":"2022-07-05T02:36:28+00:00","og_image":[{"url":"https:\/\/karsten-nendel-stiftung.de\/kns\/wp-content\/uploads\/2022\/06\/image-1024x1024.png","type":"","width":"","height":""}],"twitter_card":"summary_large_image","twitter_misc":{"Gesch\u00e4tzte Lesezeit":"1\u00a0Minute"},"schema":{"@context":"https:\/\/schema.org","@graph":[{"@type":"WebPage","@id":"https:\/\/karsten-nendel-stiftung.de\/kns\/projekte\/polder-bresewitz\/","url":"https:\/\/karsten-nendel-stiftung.de\/kns\/projekte\/polder-bresewitz\/","name":"Polder Bresewitz - Karsten-Nendel-Stiftung","isPartOf":{"@id":"https:\/\/karsten-nendel-stiftung.de\/kns\/#website"},"primaryImageOfPage":{"@id":"https:\/\/karsten-nendel-stiftung.de\/kns\/projekte\/polder-bresewitz\/#primaryimage"},"image":{"@id":"https:\/\/karsten-nendel-stiftung.de\/kns\/projekte\/polder-bresewitz\/#primaryimage"},"thumbnailUrl":"https:\/\/karsten-nendel-stiftung.de\/kns\/wp-content\/uploads\/2022\/06\/image-1024x1024.png","datePublished":"2022-06-02T06:17:13+00:00","dateModified":"2022-07-05T02:36:28+00:00","breadcrumb":{"@id":"https:\/\/karsten-nendel-stiftung.de\/kns\/projekte\/polder-bresewitz\/#breadcrumb"},"inLanguage":"de","potentialAction":[{"@type":"ReadAction","target":["https:\/\/karsten-nendel-stiftung.de\/kns\/projekte\/polder-bresewitz\/"]}]},{"@type":"ImageObject","inLanguage":"de","@id":"https:\/\/karsten-nendel-stiftung.de\/kns\/projekte\/polder-bresewitz\/#primaryimage","url":"https:\/\/karsten-nendel-stiftung.de\/kns\/wp-content\/uploads\/2022\/06\/image.png","contentUrl":"https:\/\/karsten-nendel-stiftung.de\/kns\/wp-content\/uploads\/2022\/06\/image.png","width":1429,"height":1213,"caption":"Steckbrief Polder Bresewitz"},{"@type":"BreadcrumbList","@id":"https:\/\/karsten-nendel-stiftung.de\/kns\/projekte\/polder-bresewitz\/#breadcrumb","itemListElement":[{"@type":"ListItem","position":1,"name":"Startseite","item":"https:\/\/karsten-nendel-stiftung.de\/kns\/"},{"@type":"ListItem","position":2,"name":"Projekte","item":"https:\/\/karsten-nendel-stiftung.de\/kns\/projekte\/"},{"@type":"ListItem","position":3,"name":"Polder Bresewitz"}]},{"@type":"WebSite","@id":"https:\/\/karsten-nendel-stiftung.de\/kns\/#website","url":"https:\/\/karsten-nendel-stiftung.de\/kns\/","name":"Karsten-Nendel-Stiftung","description":"Naturschutz: F\u00fcr die Natur, mit der Natur!","publisher":{"@id":"https:\/\/karsten-nendel-stiftung.de\/kns\/#organization"},"potentialAction":[{"@type":"SearchAction","target":{"@type":"EntryPoint","urlTemplate":"https:\/\/karsten-nendel-stiftung.de\/kns\/?s={search_term_string}"},"query-input":{"@type":"PropertyValueSpecification","valueRequired":true,"valueName":"search_term_string"}}],"inLanguage":"de"},{"@type":"Organization","@id":"https:\/\/karsten-nendel-stiftung.de\/kns\/#organization","name":"Karsten-Nendel-Stiftung","url":"https:\/\/karsten-nendel-stiftung.de\/kns\/","logo":{"@type":"ImageObject","inLanguage":"de","@id":"https:\/\/karsten-nendel-stiftung.de\/kns\/#\/schema\/logo\/image\/","url":"https:\/\/karsten-nendel-stiftung.de\/kns\/wp-content\/uploads\/2022\/05\/logo2-1-e1655799995143.png","contentUrl":"https:\/\/karsten-nendel-stiftung.de\/kns\/wp-content\/uploads\/2022\/05\/logo2-1-e1655799995143.png","width":350,"height":207,"caption":"Karsten-Nendel-Stiftung"},"image":{"@id":"https:\/\/karsten-nendel-stiftung.de\/kns\/#\/schema\/logo\/image\/"}}]}},"campaignId":"","_links":{"self":[{"href":"https:\/\/karsten-nendel-stiftung.de\/kns\/wp-json\/wp\/v2\/pages\/109","targetHints":{"allow":["GET"]}}],"collection":[{"href":"https:\/\/karsten-nendel-stiftung.de\/kns\/wp-json\/wp\/v2\/pages"}],"about":[{"href":"https:\/\/karsten-nendel-stiftung.de\/kns\/wp-json\/wp\/v2\/types\/page"}],"author":[{"embeddable":true,"href":"https:\/\/karsten-nendel-stiftung.de\/kns\/wp-json\/wp\/v2\/users\/2"}],"replies":[{"embeddable":true,"href":"https:\/\/karsten-nendel-stiftung.de\/kns\/wp-json\/wp\/v2\/comments?post=109"}],"version-history":[{"count":5,"href":"https:\/\/karsten-nendel-stiftung.de\/kns\/wp-json\/wp\/v2\/pages\/109\/revisions"}],"predecessor-version":[{"id":368,"href":"https:\/\/karsten-nendel-stiftung.de\/kns\/wp-json\/wp\/v2\/pages\/109\/revisions\/368"}],"up":[{"embeddable":true,"href":"https:\/\/karsten-nendel-stiftung.de\/kns\/wp-json\/wp\/v2\/pages\/41"}],"wp:attachment":[{"href":"https:\/\/karsten-nendel-stiftung.de\/kns\/wp-json\/wp\/v2\/media?parent=109"}],"curies":[{"name":"wp","href":"https:\/\/api.w.org\/{rel}","templated":true}]}}