{"id":44,"date":"2022-05-31T14:57:39","date_gmt":"2022-05-31T12:57:39","guid":{"rendered":"https:\/\/karsten-nendel-stiftung.de\/kns\/?page_id=44"},"modified":"2022-07-30T16:22:39","modified_gmt":"2022-07-30T14:22:39","slug":"linumer-teichlandschaft","status":"publish","type":"page","link":"https:\/\/karsten-nendel-stiftung.de\/kns\/projekte\/linumer-teichlandschaft\/","title":{"rendered":"Linumer Teichlandschaft"},"content":{"rendered":"\n<figure class=\"wp-block-image size-full\"><a href=\"https:\/\/karsten-nendel-stiftung.de\/kns\/wp-content\/uploads\/2022\/06\/Linum2.jpg\" data-lbwps-width=\"1000\" data-lbwps-height=\"666\" data-lbwps-srcsmall=\"https:\/\/karsten-nendel-stiftung.de\/kns\/wp-content\/uploads\/2022\/06\/Linum2-300x200.jpg\"><img loading=\"lazy\" decoding=\"async\" width=\"1000\" height=\"666\" src=\"https:\/\/karsten-nendel-stiftung.de\/kns\/wp-content\/uploads\/2022\/06\/Linum2.jpg\" alt=\"Linum Teichlandschaft\" class=\"wp-image-126\" srcset=\"https:\/\/karsten-nendel-stiftung.de\/kns\/wp-content\/uploads\/2022\/06\/Linum2.jpg 1000w, https:\/\/karsten-nendel-stiftung.de\/kns\/wp-content\/uploads\/2022\/06\/Linum2-600x400.jpg 600w, https:\/\/karsten-nendel-stiftung.de\/kns\/wp-content\/uploads\/2022\/06\/Linum2-300x200.jpg 300w, https:\/\/karsten-nendel-stiftung.de\/kns\/wp-content\/uploads\/2022\/06\/Linum2-768x511.jpg 768w\" sizes=\"auto, (max-width: 1000px) 100vw, 1000px\" \/><\/a><figcaption>LINUM 24.07.2013 Ehemalige Torfstich- heute Fisch- Teichlandschaft Linum im Bundesland Brandenburg. Aus Linum n\u00f6rdlich von Berlin wurde das st\u00e4dtische Umland fr\u00fcher mit Torf als Heizmaterial versorgt. Heute dienen die vollgelaufenen Torfstiche der Fischzucht und St\u00f6rchen und Kranichen als Sammlungsort f\u00fcr den Zug nach S\u00fcden. \/\/ Fish Pond landscapes in Brandenburg Linum. Foto: \u00a9 euroluftbild.de\/Bernd Clemens<\/figcaption><\/figure>\n\n\n\n<p>Linum liegt zwischen dem Rhin- und Havelluch, auf dem L\u00e4ndchen Bellin (dem m\u00e4rkischen Begriff f\u00fcr Grundmor\u00e4ne). Der Ursprung des Namens ist unklar, m\u00f6glicherweise stammt er von \u201aLein\u2018 (Leineweberdorf) oder von \u201alin\u2018 = Schlei, ab.<\/p>\n\n\n\n<p>Linum und das Teichgebiet sind gepr\u00e4gt vom Torfstechen: Unter Friedrich Wilhlem I. (1713-1740 K\u00f6nig in Preu\u00dfen &#8211; Soldatenk\u00f6nig) begann seit 1718 die Entw\u00e4sserung des Luchs, um fruchtbare B\u00f6den f\u00fcr Ackerbau und Viehzucht zu gewinnen. Im Zuge dessen wurden auch Holl\u00e4nder neuangesiedelt, um ihre Expertise in der Entw\u00e4sserungstechnik zielf\u00fchrend einzusetzen. Seit 1783 begann unter Friedrich II. (Friedrich der Gro\u00dfe \u2013 1740-1786 \u2013 K\u00f6nig <em>in<\/em>, dann <em>von<\/em> Preu\u00dfen), die intensive Ausbeutung der Torfvorkommen. Linum findet auch Erw\u00e4hnung bei Theodor Fontane (1819-1898). Er betrachtet das Dorf in seinen \u201aWanderungen durch die Mark Brandenburg \/ das Havell\u00e4ndische Luch\u2018 und nennt es den Hauptsitz der Torfgr\u00e4berei und \u201adas Newcastle unserer Residenz\u2018. Diesen Titel verdankt der Ort seinem als besonders gutem Heizstoff angesehenen Torfs, der auf K\u00e4hnen nach Berlin transportiert wurde.<\/p>\n\n\n\n<p>Nach weniger als 100 Jahren, ab ca 1875, wird mit dem Abbau von Stein- und Braunkohle, das Ende der Torfstecherei eingeleitet. Das Dorf, von 600 auf 2000-2500 Einwohner*innen angewachsen, reduziert sich wieder auf seine vorherige Gr\u00f6\u00dfe und hat sich heute bei ungef\u00e4hr 700 Bewohner*innen eingependelt.<\/p>\n\n\n\n<p>Das Teichgebiet entstand gegen Ende der Torfstecherei. Heute ist es mehr als 300 ha gro\u00df und umfasst \u00fcber 40 Teiche. Zur Fischzucht werden diese kaum noch benutzt. Jetzt ist das Gebiet wichtiger Brut- und Rastplatz f\u00fcr zahlreiche Vogelarten z.B. Blaukehlchen, Kolbenente, Rohrdommel, Lachm\u00f6wen, Flu\u00dfseeschwalben, Eisvogel. Auch Biber, Fischotter und Amphibien wie die Rotbauchunke haben ihr Heim hier.<\/p>\n\n\n\n<p>Im Sommer br\u00fcten um die 10 Storchenpaare in Linum und im Herbst rasten zehntausende G\u00e4nse und Kraniche auf ihrer Migration in den S\u00fcden in Linum. Die Linumer Teiche und angrenzende Gebiete haben sich zum gr\u00f6\u00dften Binnenrastplatz Europas f\u00fcr die V\u00f6gel des Gl\u00fccks entwickelt.<\/p>\n\n\n\n<p>Von Beobachtungskanzeln gewinnt man einen guten Einblick ins Gebiet, das man aber aus Schutzgr\u00fcnden nur in kleinen Teilen und auf ausgewiesenen Wegen begehen kann.<\/p>\n\n\n\n<p>Das Teichgebiet ist Teil des Vogelschutzgebietes (SPA) Rhin-Havelluch und des Naturschutzgebietes (NSG) Oberes Rhinluch. Es wird von verschiedenen Organisationen betreut, wobei der Nendel Stiftung seit 2013 als Eigent\u00fcmerin des Teichgebiets und angrenzender Waldfl\u00e4chen eine besondere Rolle zukommt.<\/p>\n\n\n\n<p>Mit Ma\u00dfnahmen, wie der Wiederherstellung von Amphibienlaichgew\u00e4ssern, einem st\u00e4ndig begleitetes und \u00fcberwachtes Pr\u00e4datorenmanagement, sowie der Verbesserung von Bruthabitaten (z.B. durch die Errrichtung von Kunstinseln) unterst\u00fctzt die Nendel-Stiftung den Erhalt und die Wiederansiedlung von seltenen und bedrohten Arten im Rhinluch. Durch den Erhalt und die Sanierung der Infrastruktur der ehemaligen Teichwirtschaft wird ein sorgsamer und effektiver Umgang mit der f\u00fcr dieses Gebiet wichtigsten Ressource &#8211; Wasser &#8211; gew\u00e4hrleistet. Weiterhin betreibt die Nendel-Stiftung, wo es m\u00f6glich ist auf ihren Fl\u00e4chen, eine moorschonende Stauhaltung um aktiv dem Klimawandel entgegenzuwirken und gleichzeitig die Biodiversit\u00e4t weiter zu verbessern.<\/p>\n\n\n\n<div class=\"\"><div id=\"metaslider-id-265\" style=\"width: 100%; margin: 0 auto;\" class=\"ml-slider-3-108-0 metaslider metaslider-nivo metaslider-265 ml-slider has-dots-nav ms-theme-default\" role=\"region\" aria-label=\"Linum\" data-height=\"300\" data-width=\"700\">\n    <div id=\"metaslider_container_265\">\n        <div class='slider-wrapper theme-default'><div class='ribbon'><\/div><div id='metaslider_265' class='nivoSlider'><img loading=\"lazy\" decoding=\"async\" src=\"https:\/\/karsten-nendel-stiftung.de\/kns\/wp-content\/uploads\/2022\/06\/Klimaveraenderung-Einbau-von-Spundwaenden-als-Massnahme-zur-effektiveren-Wasserretention-700x300.jpg\" height=\"300\" width=\"700\" data-caption=\"Klimaver&auml;nderung - Einbau von Spundw&auml;nden als Ma&szlig;nahme zur effektiveren Wasserretention\" title=\"Einbau von Spundw\u00e4nden\" alt=\"\" class=\"slider-265 slide-270 msDefaultImage\" \/><img loading=\"lazy\" decoding=\"async\" src=\"https:\/\/karsten-nendel-stiftung.de\/kns\/wp-content\/uploads\/2022\/06\/Integrated-Monitoring-of-Songbird-Populations-Beringen-einer-Zwergdommel-scaled-700x300.jpg\" height=\"300\" width=\"700\" data-caption=\"Integrated Monitoring of Songbird Populations - Beringen einer Zwergdommel\" title=\"Beringen einer Zwergdommel\" alt=\"\" class=\"slider-265 slide-271 msDefaultImage\" \/><img loading=\"lazy\" decoding=\"async\" src=\"https:\/\/karsten-nendel-stiftung.de\/kns\/wp-content\/uploads\/2022\/06\/Erdwallverschluss-eines-ehemaligen-Drainagegrabens-als-Moorschutzmassnahme-700x300.jpg\" height=\"300\" width=\"700\" data-caption=\"Erdwallverschluss eines ehemaligen Drainagegrabens als Moorschutzma&szlig;nahme\" title=\"Erdwallverschluss\" alt=\"\" class=\"slider-265 slide-272 msDefaultImage\" \/><img loading=\"lazy\" decoding=\"async\" src=\"https:\/\/karsten-nendel-stiftung.de\/kns\/wp-content\/uploads\/2022\/06\/Einseitiger-Schilfschnitt-einer-Grabenboeschung-nach-der-Brutzeit-700x300.jpg\" height=\"300\" width=\"700\" data-caption=\"Einseitiger Schilfschnitt einer Grabenb&ouml;schung nach der Brutzeit\" title=\"Schilfschnitt nach der Brutzeit\" alt=\"\" class=\"slider-265 slide-273 msDefaultImage\" \/><img loading=\"lazy\" decoding=\"async\" src=\"https:\/\/karsten-nendel-stiftung.de\/kns\/wp-content\/uploads\/2022\/06\/Schutz-von-bedrohten-Arten-Praedatorenmanagement-mit-Lebendfallen--rotated-700x300.jpg\" height=\"300\" width=\"700\" data-caption=\"Schutz von bedrohten Arten - Pr&auml;datorenmanagement mit Lebendfallen \" title=\"Pr\u00e4datorenmanagement\" alt=\"\" class=\"slider-265 slide-274 msDefaultImage\" \/><img loading=\"lazy\" decoding=\"async\" src=\"https:\/\/karsten-nendel-stiftung.de\/kns\/wp-content\/uploads\/2022\/06\/Wiederherstellung-eines-verlandeten-Teiches-als-Amphibienlaichgewaesser-700x300.jpg\" height=\"300\" width=\"700\" data-caption=\"Wiederherstellung eines verlandeten Teiches als Amphibienlaichgew&auml;sser\" title=\"Wiederherstellung eines Teiches\" alt=\"\" class=\"slider-265 slide-275 msDefaultImage\" \/><img loading=\"lazy\" decoding=\"async\" src=\"https:\/\/karsten-nendel-stiftung.de\/kns\/wp-content\/uploads\/2022\/06\/Montage-eines-Wiedehopfbrutkastens-in-einer-Streuobstwiese-700x300.jpg\" height=\"300\" width=\"700\" data-caption=\"Montage eines Wiedehopfbrutkastens in einer Streuobstwiese\" title=\"Wiedehopfbrutkasten\" alt=\"\" class=\"slider-265 slide-276 msDefaultImage\" \/><img loading=\"lazy\" decoding=\"async\" src=\"https:\/\/karsten-nendel-stiftung.de\/kns\/wp-content\/uploads\/2022\/06\/Brutinsel-fuer-Flussseeschwalben-700x300.jpg\" height=\"300\" width=\"700\" data-caption=\"Brutinsel f&uuml;r Flussseeschwalben\" title=\"Brutinsel f\u00fcr Flussseeschwalben\" alt=\"\" class=\"slider-265 slide-277 msDefaultImage\" \/><\/div><\/div>\n        \n    <\/div>\n<\/div><\/div>\n","protected":false},"excerpt":{"rendered":"<p>Linum liegt zwischen dem Rhin- und Havelluch, auf dem L\u00e4ndchen Bellin (dem m\u00e4rkischen Begriff f\u00fcr Grundmor\u00e4ne). Der Ursprung des Namens ist unklar, m\u00f6glicherweise stammt er von \u201aLein\u2018 (Leineweberdorf) oder von \u201alin\u2018 = Schlei, ab. Linum und das Teichgebiet sind gepr\u00e4gt vom Torfstechen: Unter Friedrich&#8230;<\/p>\n","protected":false},"author":2,"featured_media":0,"parent":41,"menu_order":41,"comment_status":"closed","ping_status":"closed","template":"","meta":{"give_campaign_id":0,"two_page_speed":[],"footnotes":""},"class_list":["post-44","page","type-page","status-publish","hentry"],"yoast_head":"<!-- This site is optimized with the Yoast SEO plugin v27.5 - https:\/\/yoast.com\/product\/yoast-seo-wordpress\/ -->\n<title>Linumer Teichlandschaft - Karsten-Nendel-Stiftung<\/title>\n<meta name=\"robots\" content=\"index, follow, max-snippet:-1, max-image-preview:large, max-video-preview:-1\" \/>\n<link rel=\"canonical\" href=\"https:\/\/karsten-nendel-stiftung.de\/kns\/projekte\/linumer-teichlandschaft\/\" \/>\n<meta property=\"og:locale\" content=\"de_DE\" \/>\n<meta property=\"og:type\" content=\"article\" \/>\n<meta property=\"og:title\" content=\"Linumer Teichlandschaft - Karsten-Nendel-Stiftung\" \/>\n<meta property=\"og:description\" content=\"Linum liegt zwischen dem Rhin- und Havelluch, auf dem L\u00e4ndchen Bellin (dem m\u00e4rkischen Begriff f\u00fcr Grundmor\u00e4ne). Der Ursprung des Namens ist unklar, m\u00f6glicherweise stammt er von \u201aLein\u2018 (Leineweberdorf) oder von \u201alin\u2018 = Schlei, ab. Linum und das Teichgebiet sind gepr\u00e4gt vom Torfstechen: Unter Friedrich...\" \/>\n<meta property=\"og:url\" content=\"https:\/\/karsten-nendel-stiftung.de\/kns\/projekte\/linumer-teichlandschaft\/\" \/>\n<meta property=\"og:site_name\" content=\"Karsten-Nendel-Stiftung\" \/>\n<meta property=\"article:modified_time\" content=\"2022-07-30T14:22:39+00:00\" \/>\n<meta property=\"og:image\" content=\"https:\/\/karsten-nendel-stiftung.de\/kns\/wp-content\/uploads\/2022\/06\/Linum2.jpg\" \/>\n<meta name=\"twitter:card\" content=\"summary_large_image\" \/>\n<meta name=\"twitter:label1\" content=\"Gesch\u00e4tzte Lesezeit\" \/>\n\t<meta name=\"twitter:data1\" content=\"3\u00a0Minuten\" \/>\n<script type=\"application\/ld+json\" class=\"yoast-schema-graph\">{\"@context\":\"https:\\\/\\\/schema.org\",\"@graph\":[{\"@type\":\"WebPage\",\"@id\":\"https:\\\/\\\/karsten-nendel-stiftung.de\\\/kns\\\/projekte\\\/linumer-teichlandschaft\\\/\",\"url\":\"https:\\\/\\\/karsten-nendel-stiftung.de\\\/kns\\\/projekte\\\/linumer-teichlandschaft\\\/\",\"name\":\"Linumer Teichlandschaft - Karsten-Nendel-Stiftung\",\"isPartOf\":{\"@id\":\"https:\\\/\\\/karsten-nendel-stiftung.de\\\/kns\\\/#website\"},\"primaryImageOfPage\":{\"@id\":\"https:\\\/\\\/karsten-nendel-stiftung.de\\\/kns\\\/projekte\\\/linumer-teichlandschaft\\\/#primaryimage\"},\"image\":{\"@id\":\"https:\\\/\\\/karsten-nendel-stiftung.de\\\/kns\\\/projekte\\\/linumer-teichlandschaft\\\/#primaryimage\"},\"thumbnailUrl\":\"https:\\\/\\\/karsten-nendel-stiftung.de\\\/kns\\\/wp-content\\\/uploads\\\/2022\\\/06\\\/Linum2.jpg\",\"datePublished\":\"2022-05-31T12:57:39+00:00\",\"dateModified\":\"2022-07-30T14:22:39+00:00\",\"breadcrumb\":{\"@id\":\"https:\\\/\\\/karsten-nendel-stiftung.de\\\/kns\\\/projekte\\\/linumer-teichlandschaft\\\/#breadcrumb\"},\"inLanguage\":\"de\",\"potentialAction\":[{\"@type\":\"ReadAction\",\"target\":[\"https:\\\/\\\/karsten-nendel-stiftung.de\\\/kns\\\/projekte\\\/linumer-teichlandschaft\\\/\"]}]},{\"@type\":\"ImageObject\",\"inLanguage\":\"de\",\"@id\":\"https:\\\/\\\/karsten-nendel-stiftung.de\\\/kns\\\/projekte\\\/linumer-teichlandschaft\\\/#primaryimage\",\"url\":\"https:\\\/\\\/karsten-nendel-stiftung.de\\\/kns\\\/wp-content\\\/uploads\\\/2022\\\/06\\\/Linum2.jpg\",\"contentUrl\":\"https:\\\/\\\/karsten-nendel-stiftung.de\\\/kns\\\/wp-content\\\/uploads\\\/2022\\\/06\\\/Linum2.jpg\",\"width\":1000,\"height\":666,\"caption\":\"LINUM 24.07.2013 Ehemalige Torfstich- heute Fisch- Teichlandschaft Linum im Bundesland Brandenburg. Aus Linum n\u00f6rdlich von Berlin wurde das st\u00e4dtische Umland fr\u00fcher mit Torf als Heizmaterial versorgt. Heute dienen die vollgelaufenen Torfstiche der Fischzucht und St\u00f6rchen und Kranichen als Sammlungsort f\u00fcr den Zug nach S\u00fcden. \\\/\\\/ Fish Pond landscapes in Brandenburg Linum. Foto: Bernd Clemens\"},{\"@type\":\"BreadcrumbList\",\"@id\":\"https:\\\/\\\/karsten-nendel-stiftung.de\\\/kns\\\/projekte\\\/linumer-teichlandschaft\\\/#breadcrumb\",\"itemListElement\":[{\"@type\":\"ListItem\",\"position\":1,\"name\":\"Startseite\",\"item\":\"https:\\\/\\\/karsten-nendel-stiftung.de\\\/kns\\\/\"},{\"@type\":\"ListItem\",\"position\":2,\"name\":\"Projekte\",\"item\":\"https:\\\/\\\/karsten-nendel-stiftung.de\\\/kns\\\/projekte\\\/\"},{\"@type\":\"ListItem\",\"position\":3,\"name\":\"Linumer Teichlandschaft\"}]},{\"@type\":\"WebSite\",\"@id\":\"https:\\\/\\\/karsten-nendel-stiftung.de\\\/kns\\\/#website\",\"url\":\"https:\\\/\\\/karsten-nendel-stiftung.de\\\/kns\\\/\",\"name\":\"Karsten-Nendel-Stiftung\",\"description\":\"Naturschutz: F\u00fcr die Natur, mit der Natur!\",\"publisher\":{\"@id\":\"https:\\\/\\\/karsten-nendel-stiftung.de\\\/kns\\\/#organization\"},\"potentialAction\":[{\"@type\":\"SearchAction\",\"target\":{\"@type\":\"EntryPoint\",\"urlTemplate\":\"https:\\\/\\\/karsten-nendel-stiftung.de\\\/kns\\\/?s={search_term_string}\"},\"query-input\":{\"@type\":\"PropertyValueSpecification\",\"valueRequired\":true,\"valueName\":\"search_term_string\"}}],\"inLanguage\":\"de\"},{\"@type\":\"Organization\",\"@id\":\"https:\\\/\\\/karsten-nendel-stiftung.de\\\/kns\\\/#organization\",\"name\":\"Karsten-Nendel-Stiftung\",\"url\":\"https:\\\/\\\/karsten-nendel-stiftung.de\\\/kns\\\/\",\"logo\":{\"@type\":\"ImageObject\",\"inLanguage\":\"de\",\"@id\":\"https:\\\/\\\/karsten-nendel-stiftung.de\\\/kns\\\/#\\\/schema\\\/logo\\\/image\\\/\",\"url\":\"https:\\\/\\\/karsten-nendel-stiftung.de\\\/kns\\\/wp-content\\\/uploads\\\/2022\\\/05\\\/logo2-1-e1655799995143.png\",\"contentUrl\":\"https:\\\/\\\/karsten-nendel-stiftung.de\\\/kns\\\/wp-content\\\/uploads\\\/2022\\\/05\\\/logo2-1-e1655799995143.png\",\"width\":350,\"height\":207,\"caption\":\"Karsten-Nendel-Stiftung\"},\"image\":{\"@id\":\"https:\\\/\\\/karsten-nendel-stiftung.de\\\/kns\\\/#\\\/schema\\\/logo\\\/image\\\/\"}}]}<\/script>\n<!-- \/ Yoast SEO plugin. -->","yoast_head_json":{"title":"Linumer Teichlandschaft - Karsten-Nendel-Stiftung","robots":{"index":"index","follow":"follow","max-snippet":"max-snippet:-1","max-image-preview":"max-image-preview:large","max-video-preview":"max-video-preview:-1"},"canonical":"https:\/\/karsten-nendel-stiftung.de\/kns\/projekte\/linumer-teichlandschaft\/","og_locale":"de_DE","og_type":"article","og_title":"Linumer Teichlandschaft - Karsten-Nendel-Stiftung","og_description":"Linum liegt zwischen dem Rhin- und Havelluch, auf dem L\u00e4ndchen Bellin (dem m\u00e4rkischen Begriff f\u00fcr Grundmor\u00e4ne). Der Ursprung des Namens ist unklar, m\u00f6glicherweise stammt er von \u201aLein\u2018 (Leineweberdorf) oder von \u201alin\u2018 = Schlei, ab. Linum und das Teichgebiet sind gepr\u00e4gt vom Torfstechen: Unter Friedrich...","og_url":"https:\/\/karsten-nendel-stiftung.de\/kns\/projekte\/linumer-teichlandschaft\/","og_site_name":"Karsten-Nendel-Stiftung","article_modified_time":"2022-07-30T14:22:39+00:00","og_image":[{"url":"https:\/\/karsten-nendel-stiftung.de\/kns\/wp-content\/uploads\/2022\/06\/Linum2.jpg","type":"","width":"","height":""}],"twitter_card":"summary_large_image","twitter_misc":{"Gesch\u00e4tzte Lesezeit":"3\u00a0Minuten"},"schema":{"@context":"https:\/\/schema.org","@graph":[{"@type":"WebPage","@id":"https:\/\/karsten-nendel-stiftung.de\/kns\/projekte\/linumer-teichlandschaft\/","url":"https:\/\/karsten-nendel-stiftung.de\/kns\/projekte\/linumer-teichlandschaft\/","name":"Linumer Teichlandschaft - Karsten-Nendel-Stiftung","isPartOf":{"@id":"https:\/\/karsten-nendel-stiftung.de\/kns\/#website"},"primaryImageOfPage":{"@id":"https:\/\/karsten-nendel-stiftung.de\/kns\/projekte\/linumer-teichlandschaft\/#primaryimage"},"image":{"@id":"https:\/\/karsten-nendel-stiftung.de\/kns\/projekte\/linumer-teichlandschaft\/#primaryimage"},"thumbnailUrl":"https:\/\/karsten-nendel-stiftung.de\/kns\/wp-content\/uploads\/2022\/06\/Linum2.jpg","datePublished":"2022-05-31T12:57:39+00:00","dateModified":"2022-07-30T14:22:39+00:00","breadcrumb":{"@id":"https:\/\/karsten-nendel-stiftung.de\/kns\/projekte\/linumer-teichlandschaft\/#breadcrumb"},"inLanguage":"de","potentialAction":[{"@type":"ReadAction","target":["https:\/\/karsten-nendel-stiftung.de\/kns\/projekte\/linumer-teichlandschaft\/"]}]},{"@type":"ImageObject","inLanguage":"de","@id":"https:\/\/karsten-nendel-stiftung.de\/kns\/projekte\/linumer-teichlandschaft\/#primaryimage","url":"https:\/\/karsten-nendel-stiftung.de\/kns\/wp-content\/uploads\/2022\/06\/Linum2.jpg","contentUrl":"https:\/\/karsten-nendel-stiftung.de\/kns\/wp-content\/uploads\/2022\/06\/Linum2.jpg","width":1000,"height":666,"caption":"LINUM 24.07.2013 Ehemalige Torfstich- heute Fisch- Teichlandschaft Linum im Bundesland Brandenburg. Aus Linum n\u00f6rdlich von Berlin wurde das st\u00e4dtische Umland fr\u00fcher mit Torf als Heizmaterial versorgt. Heute dienen die vollgelaufenen Torfstiche der Fischzucht und St\u00f6rchen und Kranichen als Sammlungsort f\u00fcr den Zug nach S\u00fcden. \/\/ Fish Pond landscapes in Brandenburg Linum. Foto: Bernd Clemens"},{"@type":"BreadcrumbList","@id":"https:\/\/karsten-nendel-stiftung.de\/kns\/projekte\/linumer-teichlandschaft\/#breadcrumb","itemListElement":[{"@type":"ListItem","position":1,"name":"Startseite","item":"https:\/\/karsten-nendel-stiftung.de\/kns\/"},{"@type":"ListItem","position":2,"name":"Projekte","item":"https:\/\/karsten-nendel-stiftung.de\/kns\/projekte\/"},{"@type":"ListItem","position":3,"name":"Linumer Teichlandschaft"}]},{"@type":"WebSite","@id":"https:\/\/karsten-nendel-stiftung.de\/kns\/#website","url":"https:\/\/karsten-nendel-stiftung.de\/kns\/","name":"Karsten-Nendel-Stiftung","description":"Naturschutz: F\u00fcr die Natur, mit der Natur!","publisher":{"@id":"https:\/\/karsten-nendel-stiftung.de\/kns\/#organization"},"potentialAction":[{"@type":"SearchAction","target":{"@type":"EntryPoint","urlTemplate":"https:\/\/karsten-nendel-stiftung.de\/kns\/?s={search_term_string}"},"query-input":{"@type":"PropertyValueSpecification","valueRequired":true,"valueName":"search_term_string"}}],"inLanguage":"de"},{"@type":"Organization","@id":"https:\/\/karsten-nendel-stiftung.de\/kns\/#organization","name":"Karsten-Nendel-Stiftung","url":"https:\/\/karsten-nendel-stiftung.de\/kns\/","logo":{"@type":"ImageObject","inLanguage":"de","@id":"https:\/\/karsten-nendel-stiftung.de\/kns\/#\/schema\/logo\/image\/","url":"https:\/\/karsten-nendel-stiftung.de\/kns\/wp-content\/uploads\/2022\/05\/logo2-1-e1655799995143.png","contentUrl":"https:\/\/karsten-nendel-stiftung.de\/kns\/wp-content\/uploads\/2022\/05\/logo2-1-e1655799995143.png","width":350,"height":207,"caption":"Karsten-Nendel-Stiftung"},"image":{"@id":"https:\/\/karsten-nendel-stiftung.de\/kns\/#\/schema\/logo\/image\/"}}]}},"campaignId":"","_links":{"self":[{"href":"https:\/\/karsten-nendel-stiftung.de\/kns\/wp-json\/wp\/v2\/pages\/44","targetHints":{"allow":["GET"]}}],"collection":[{"href":"https:\/\/karsten-nendel-stiftung.de\/kns\/wp-json\/wp\/v2\/pages"}],"about":[{"href":"https:\/\/karsten-nendel-stiftung.de\/kns\/wp-json\/wp\/v2\/types\/page"}],"author":[{"embeddable":true,"href":"https:\/\/karsten-nendel-stiftung.de\/kns\/wp-json\/wp\/v2\/users\/2"}],"replies":[{"embeddable":true,"href":"https:\/\/karsten-nendel-stiftung.de\/kns\/wp-json\/wp\/v2\/comments?post=44"}],"version-history":[{"count":5,"href":"https:\/\/karsten-nendel-stiftung.de\/kns\/wp-json\/wp\/v2\/pages\/44\/revisions"}],"predecessor-version":[{"id":454,"href":"https:\/\/karsten-nendel-stiftung.de\/kns\/wp-json\/wp\/v2\/pages\/44\/revisions\/454"}],"up":[{"embeddable":true,"href":"https:\/\/karsten-nendel-stiftung.de\/kns\/wp-json\/wp\/v2\/pages\/41"}],"wp:attachment":[{"href":"https:\/\/karsten-nendel-stiftung.de\/kns\/wp-json\/wp\/v2\/media?parent=44"}],"curies":[{"name":"wp","href":"https:\/\/api.w.org\/{rel}","templated":true}]}}