{"id":6,"date":"2022-05-31T13:45:24","date_gmt":"2022-05-31T11:45:24","guid":{"rendered":"https:\/\/karsten-nendel-stiftung.de\/kns\/?page_id=6"},"modified":"2025-12-01T19:38:50","modified_gmt":"2025-12-01T18:38:50","slug":"ueber-die-stiftung","status":"publish","type":"page","link":"https:\/\/karsten-nendel-stiftung.de\/kns\/ueber-die-stiftung\/","title":{"rendered":"\u00dcber die Stiftung"},"content":{"rendered":"\n<h2 class=\"wp-block-heading\">Karsten-Nendel-Stiftung f\u00fcr Naturschutz<\/h2>\n\n\n\n<p><strong>Der Hamburger Unternehmer<\/strong>&nbsp;Karsten Nendel, Jahrgang 1943, gr\u00fcndete nach Eintritt in seinen Ruhestand im Alleingang 2009 die Stiftung Naturerbe Nendel gemeinn\u00fctzige GmbH. Der Natursch\u00fctzer und Vogelfreund hob dann vor f\u00fcnf Jahren die Karsten-Nendel-Stiftung aus der Taufe, deren Vorstandsvorsitzender er ist. Die Stiftung f\u00f6rdert Naturschutzprojekte wie die Linumer Teichlandschaft, eines der bedeutendsten Vogelschutzgebiete rund um Berlin, eine Streuobstwiese mit seltenen Orchideen-Arten in Sachsen-Anhalt und eine Gr\u00fcnlandfl\u00e4che auf der Halbinsel Bresewitz an der Ostsee. Sitz der Stiftung ist Hamburg.<\/p>\n\n\n\n<hr class=\"wp-block-separator has-alpha-channel-opacity\"\/>\n\n\n\n<div class=\"wp-block-media-text alignwide is-stacked-on-mobile\" style=\"grid-template-columns:33% auto\"><figure class=\"wp-block-media-text__media\"><img decoding=\"async\" src=\"https:\/\/karsten-nendel-stiftung.de\/kns\/wp-content\/uploads\/2022\/05\/karsten-nendel.jpg\" alt=\"\" class=\"wp-image-9 size-full\"\/><\/figure><div class=\"wp-block-media-text__content\">\n<p><em>Mein Name ist Karsten Nendel, ich bin Gr\u00fcnder und Vorsitzender der Naturstiftung, die hier vorgestellt wird, eben dieser \u2018Karsten Nendel Stiftung\u2018.<br>Mit meinem Ausscheiden als gesch\u00e4ftsf\u00fchrender Gesellschafter aus dem Familienunternehmen, das mein Gro\u00dfvater gegr\u00fcndet hatte, er\u00f6ffnete sich mir die M\u00f6glichkeit, den Schwerpunkt meines Handelns von der beruflichen T\u00e4tigkeit zu verlagern auf den Schutz der Natur. Das war im Jahre 2008. Ich gr\u00fcndete zun\u00e4chst eine gemeinn\u00fctzige GmbH, die \u2018Naturerbe Nendel\u2018 gGmbH, ihr folgte dann die \u2018Karsten Nendel Stiftung\u2018, die ich 2015 ins Leben rief und mit entsprechendem Gr\u00fcndungskapital ausstattete.<\/em><\/p>\n\n\n\n<p><a href=\"https:\/\/karsten-nendel-stiftung.de\/kns\/wp-content\/uploads\/2022\/06\/Interview_Nendel_Optimized.pdf\" target=\"_blank\" rel=\"noreferrer noopener\">Hier geht&#8217;s zum Interview mit Karsten Nendel<\/a><\/p>\n\n\n\n<p>Karsten Nendel verstarb im Alter von 79 Jahren nach schwerer Krankheit<a href=\"https:\/\/karsten-nendel-stiftung.de\/kns\/nachruf\/\">&#8230;weiterlesen<\/a><\/p>\n<\/div><\/div>\n\n\n\n<figure class=\"wp-block-pullquote\" style=\"font-size:23px\"><blockquote><p><strong>Seine Kinder Claas Nendel und Maya Zippel f\u00fchren in seinem Sinne die Stiftung weiter.<\/strong><\/p><\/blockquote><\/figure>\n\n\n\n<hr class=\"wp-block-separator has-alpha-channel-opacity\"\/>\n\n\n\n<h2 class=\"wp-block-heading\">Ziele<\/h2>\n\n\n\n<p>Ziel der Stiftung ist es die vorhanden Mittel zielgerichtet und nachhaltig einzusetzen, um, im Rahmen der eigenen M\u00f6glichkeiten, der fortschreitenden Zerst\u00f6rung der Natur und dem Artensterben entgegenzuwirken. <br>Im Rahmen mehrerer Projekte soll das Ziel der Stiftung sein, dass sich  wieder ein nat\u00fcrliches Gleichgewicht zwischen Tieren und Pflanzen einstellt, um so die Diversit\u00e4t in Fauna und Flora zu f\u00f6rdern und bedrohte heimische Arten zu erhalten. <br>Dabei ist im Rahmen der Bewirtschaftung der erforderlichen (Feucht-) Wiesen- und Ackerfl\u00e4chen, der W\u00e4lder sowie der Seen- und Teichlandschaften stets das oberste Gebot, dass der nat\u00fcrliche Lebensraum und Lebenszyklus, insbesondere die Brut-\/Paarungszeiten, der Tiere respektiert wird.<br>Das Wirken der Stiftung ist selbstverst\u00e4ndlich unabh\u00e4ngig von jedweder parteipolitischen, konfessionellen, ethnischen und weltanschaulichen Ausrichtung.<br>Die Projekte der Stiftung entfalten erst langfristig ihre Wirksamkeit, weshalb eine nachhaltige Arbeit umso wichtiger ist.<br>Um zu verhindern, dass die Arbeit der Stiftung , sprich die angefangenen Projekte, wieder R\u00fcckg\u00e4ngig gemacht werden k\u00f6nnen, hatte sich Herr Nendel 2015 dazu entschieden aus der gemeinn\u00fctzigen GmbH eine Stiftung entstehen zu lassen, \u00fcber die die operativen Gesch\u00e4fte laufen. Hierdurch sind die Projekte in ihrem Bestand gesch\u00fctzt.<\/p>\n\n\n\n<h2 class=\"wp-block-heading\">Zusammenarbeit<\/h2>\n\n\n\n<p><strong>Zur Verwirklichung der Projekte arbeitet die Stiftung mit externen Sachverst\u00e4ndigen, Organisationen und Firmen zusammen.<\/strong><\/p>\n\n\n\n<p>Hier mal ein \u00dcberblick:<\/p>\n\n\n\n<ul class=\"wp-block-list\">\n<li><a href=\"https:\/\/www.wwf.de\/2020\/februar\/deich-durchstich-in-bresewitz\/\">WWF<\/a><\/li>\n\n\n\n<li><a href=\"https:\/\/www.ostseestiftung.de\/\" data-type=\"URL\" data-id=\"https:\/\/www.ostseestiftung.de\/\">Ostsee-Stiftung<\/a><\/li>\n\n\n\n<li><a href=\"https:\/\/www.nabu.de\/natur-und-landschaft\/natur-erleben\/nabu-zentren\/17737.html\" data-type=\"URL\" data-id=\"https:\/\/www.nabu.de\/natur-und-landschaft\/natur-erleben\/nabu-zentren\/17737.html\">Nabu-Naturschutzstation Linumer Storchenschmiede<\/a><\/li>\n\n\n\n<li><a href=\"https:\/\/lfu.brandenburg.de\/lfu\/de\/aufgaben\/natur\/artenschutz\/naturschutzstationen\/naturschutzstation-rhinluch\/#\" data-type=\"URL\" data-id=\"https:\/\/lfu.brandenburg.de\/lfu\/de\/aufgaben\/natur\/artenschutz\/naturschutzstationen\/naturschutzstation-rhinluch\/#\">Naturschutzstation Rhinluch<\/a><\/li>\n\n\n\n<li><a href=\"https:\/\/www.lk-vr.de\/Kreisverwaltung\/Umwelt\/Naturschutz\/\" data-type=\"URL\" data-id=\"https:\/\/www.lk-vr.de\/Kreisverwaltung\/Umwelt\/Naturschutz\/\">Naturschutzbeh\u00f6rde des Landkreises Vorpommern-R\u00fcgen<\/a><\/li>\n\n\n\n<li><a href=\"https:\/\/www.nationalpark-vorpommersche-boddenlandschaft.de\/\">Nationalparkamt Vorpommern<\/a><\/li>\n\n\n\n<li><a href=\"https:\/\/www.facebook.com\/Kranichschutzverein\" data-type=\"URL\" data-id=\"https:\/\/www.facebook.com\/Kranichschutzverein\">Verein zum Schutze und Erhalt des Kranichrastplatzes R\u00fcgen-Bockregion e.V.<\/a><\/li>\n\n\n\n<li><a href=\"http:\/\/www.meyer-luhdorf-de\">R. &#8211; P. Meyer \u2013 Natur durch Technik<\/a><\/li>\n\n\n\n<li><a href=\"https:\/\/berlin.nabu.de\/\">Nabu Berlin<\/a><\/li>\n\n\n\n<li><a href=\"http:\/\/www.ark-partnerschaft.de\/\">Planungsb\u00fcro ARK Saarbr\u00fccken<\/a><\/li>\n\n\n\n<li><a href=\"https:\/\/lebenshilfe-nsw.de\/\" data-type=\"URL\" data-id=\"https:\/\/lebenshilfe-nsw.de\/\">Lebenshilfe Nordsaarland Werkst\u00e4tte gGmbH<\/a><\/li>\n\n\n\n<li><a href=\"https:\/\/www.rehlingen-siersburg.de\/\">Gemeinde Rehlingen-Siersburg<\/a><\/li>\n\n\n\n<li><a href=\"https:\/\/www.saarland.de\/mukmav\/DE\/portale\/naturschutz\/home\/home_node.html\">Umweltministerium Saarland<\/a><\/li>\n<\/ul>\n","protected":false},"excerpt":{"rendered":"<p>Karsten-Nendel-Stiftung f\u00fcr Naturschutz Der Hamburger Unternehmer&nbsp;Karsten Nendel, Jahrgang 1943, gr\u00fcndete nach Eintritt in seinen Ruhestand im Alleingang 2009 die Stiftung Naturerbe Nendel gemeinn\u00fctzige GmbH. Der Natursch\u00fctzer und Vogelfreund hob dann vor f\u00fcnf Jahren die Karsten-Nendel-Stiftung aus der Taufe, deren Vorstandsvorsitzender er ist. Die Stiftung&#8230;<\/p>\n","protected":false},"author":2,"featured_media":0,"parent":0,"menu_order":20,"comment_status":"closed","ping_status":"closed","template":"","meta":{"give_campaign_id":0,"two_page_speed":[],"footnotes":""},"class_list":["post-6","page","type-page","status-publish","hentry"],"yoast_head":"<!-- This site is optimized with the Yoast SEO plugin v27.4 - https:\/\/yoast.com\/product\/yoast-seo-wordpress\/ -->\n<title>\u00dcber die Stiftung - Karsten-Nendel-Stiftung<\/title>\n<meta name=\"description\" content=\"Karsten-Nendel-Stiftung, Umweltschutz, Naturschutz aus privaten Mitteln gegr\u00fcndete gemeinn\u00fctzige Stiftung, die bundesweit t\u00e4tig ist.\" \/>\n<meta name=\"robots\" content=\"index, follow, max-snippet:-1, max-image-preview:large, max-video-preview:-1\" \/>\n<link rel=\"canonical\" href=\"https:\/\/karsten-nendel-stiftung.de\/kns\/ueber-die-stiftung\/\" \/>\n<meta property=\"og:locale\" content=\"de_DE\" \/>\n<meta property=\"og:type\" content=\"article\" \/>\n<meta property=\"og:title\" content=\"\u00dcber die Stiftung - Karsten-Nendel-Stiftung\" \/>\n<meta property=\"og:description\" content=\"Karsten-Nendel-Stiftung, Umweltschutz, Naturschutz aus privaten Mitteln gegr\u00fcndete gemeinn\u00fctzige Stiftung, die bundesweit t\u00e4tig ist.\" \/>\n<meta property=\"og:url\" content=\"https:\/\/karsten-nendel-stiftung.de\/kns\/ueber-die-stiftung\/\" \/>\n<meta property=\"og:site_name\" content=\"Karsten-Nendel-Stiftung\" \/>\n<meta property=\"article:modified_time\" content=\"2025-12-01T18:38:50+00:00\" \/>\n<meta property=\"og:image\" content=\"https:\/\/karsten-nendel-stiftung.de\/kns\/wp-content\/uploads\/2022\/05\/karsten-nendel-e1656254405645.jpg\" \/>\n\t<meta property=\"og:image:width\" content=\"349\" \/>\n\t<meta property=\"og:image:height\" content=\"461\" \/>\n\t<meta property=\"og:image:type\" content=\"image\/jpeg\" \/>\n<meta name=\"twitter:card\" content=\"summary_large_image\" \/>\n<meta name=\"twitter:label1\" content=\"Gesch\u00e4tzte Lesezeit\" \/>\n\t<meta name=\"twitter:data1\" content=\"3\u00a0Minuten\" \/>\n<script type=\"application\/ld+json\" class=\"yoast-schema-graph\">{\"@context\":\"https:\\\/\\\/schema.org\",\"@graph\":[{\"@type\":\"WebPage\",\"@id\":\"https:\\\/\\\/karsten-nendel-stiftung.de\\\/kns\\\/ueber-die-stiftung\\\/\",\"url\":\"https:\\\/\\\/karsten-nendel-stiftung.de\\\/kns\\\/ueber-die-stiftung\\\/\",\"name\":\"\u00dcber die Stiftung - Karsten-Nendel-Stiftung\",\"isPartOf\":{\"@id\":\"https:\\\/\\\/karsten-nendel-stiftung.de\\\/kns\\\/#website\"},\"primaryImageOfPage\":{\"@id\":\"https:\\\/\\\/karsten-nendel-stiftung.de\\\/kns\\\/ueber-die-stiftung\\\/#primaryimage\"},\"image\":{\"@id\":\"https:\\\/\\\/karsten-nendel-stiftung.de\\\/kns\\\/ueber-die-stiftung\\\/#primaryimage\"},\"thumbnailUrl\":\"https:\\\/\\\/karsten-nendel-stiftung.de\\\/kns\\\/wp-content\\\/uploads\\\/2022\\\/05\\\/karsten-nendel.jpg\",\"datePublished\":\"2022-05-31T11:45:24+00:00\",\"dateModified\":\"2025-12-01T18:38:50+00:00\",\"description\":\"Karsten-Nendel-Stiftung, Umweltschutz, Naturschutz aus privaten Mitteln gegr\u00fcndete gemeinn\u00fctzige Stiftung, die bundesweit t\u00e4tig ist.\",\"breadcrumb\":{\"@id\":\"https:\\\/\\\/karsten-nendel-stiftung.de\\\/kns\\\/ueber-die-stiftung\\\/#breadcrumb\"},\"inLanguage\":\"de\",\"potentialAction\":[{\"@type\":\"ReadAction\",\"target\":[\"https:\\\/\\\/karsten-nendel-stiftung.de\\\/kns\\\/ueber-die-stiftung\\\/\"]}]},{\"@type\":\"ImageObject\",\"inLanguage\":\"de\",\"@id\":\"https:\\\/\\\/karsten-nendel-stiftung.de\\\/kns\\\/ueber-die-stiftung\\\/#primaryimage\",\"url\":\"https:\\\/\\\/karsten-nendel-stiftung.de\\\/kns\\\/wp-content\\\/uploads\\\/2022\\\/05\\\/karsten-nendel.jpg\",\"contentUrl\":\"https:\\\/\\\/karsten-nendel-stiftung.de\\\/kns\\\/wp-content\\\/uploads\\\/2022\\\/05\\\/karsten-nendel.jpg\"},{\"@type\":\"BreadcrumbList\",\"@id\":\"https:\\\/\\\/karsten-nendel-stiftung.de\\\/kns\\\/ueber-die-stiftung\\\/#breadcrumb\",\"itemListElement\":[{\"@type\":\"ListItem\",\"position\":1,\"name\":\"Startseite\",\"item\":\"https:\\\/\\\/karsten-nendel-stiftung.de\\\/kns\\\/\"},{\"@type\":\"ListItem\",\"position\":2,\"name\":\"\u00dcber die Stiftung\"}]},{\"@type\":\"WebSite\",\"@id\":\"https:\\\/\\\/karsten-nendel-stiftung.de\\\/kns\\\/#website\",\"url\":\"https:\\\/\\\/karsten-nendel-stiftung.de\\\/kns\\\/\",\"name\":\"Karsten-Nendel-Stiftung\",\"description\":\"Naturschutz: F\u00fcr die Natur, mit der Natur!\",\"publisher\":{\"@id\":\"https:\\\/\\\/karsten-nendel-stiftung.de\\\/kns\\\/#organization\"},\"potentialAction\":[{\"@type\":\"SearchAction\",\"target\":{\"@type\":\"EntryPoint\",\"urlTemplate\":\"https:\\\/\\\/karsten-nendel-stiftung.de\\\/kns\\\/?s={search_term_string}\"},\"query-input\":{\"@type\":\"PropertyValueSpecification\",\"valueRequired\":true,\"valueName\":\"search_term_string\"}}],\"inLanguage\":\"de\"},{\"@type\":\"Organization\",\"@id\":\"https:\\\/\\\/karsten-nendel-stiftung.de\\\/kns\\\/#organization\",\"name\":\"Karsten-Nendel-Stiftung\",\"url\":\"https:\\\/\\\/karsten-nendel-stiftung.de\\\/kns\\\/\",\"logo\":{\"@type\":\"ImageObject\",\"inLanguage\":\"de\",\"@id\":\"https:\\\/\\\/karsten-nendel-stiftung.de\\\/kns\\\/#\\\/schema\\\/logo\\\/image\\\/\",\"url\":\"https:\\\/\\\/karsten-nendel-stiftung.de\\\/kns\\\/wp-content\\\/uploads\\\/2022\\\/05\\\/logo2-1-e1655799995143.png\",\"contentUrl\":\"https:\\\/\\\/karsten-nendel-stiftung.de\\\/kns\\\/wp-content\\\/uploads\\\/2022\\\/05\\\/logo2-1-e1655799995143.png\",\"width\":350,\"height\":207,\"caption\":\"Karsten-Nendel-Stiftung\"},\"image\":{\"@id\":\"https:\\\/\\\/karsten-nendel-stiftung.de\\\/kns\\\/#\\\/schema\\\/logo\\\/image\\\/\"}}]}<\/script>\n<!-- \/ Yoast SEO plugin. -->","yoast_head_json":{"title":"\u00dcber die Stiftung - Karsten-Nendel-Stiftung","description":"Karsten-Nendel-Stiftung, Umweltschutz, Naturschutz aus privaten Mitteln gegr\u00fcndete gemeinn\u00fctzige Stiftung, die bundesweit t\u00e4tig ist.","robots":{"index":"index","follow":"follow","max-snippet":"max-snippet:-1","max-image-preview":"max-image-preview:large","max-video-preview":"max-video-preview:-1"},"canonical":"https:\/\/karsten-nendel-stiftung.de\/kns\/ueber-die-stiftung\/","og_locale":"de_DE","og_type":"article","og_title":"\u00dcber die Stiftung - Karsten-Nendel-Stiftung","og_description":"Karsten-Nendel-Stiftung, Umweltschutz, Naturschutz aus privaten Mitteln gegr\u00fcndete gemeinn\u00fctzige Stiftung, die bundesweit t\u00e4tig ist.","og_url":"https:\/\/karsten-nendel-stiftung.de\/kns\/ueber-die-stiftung\/","og_site_name":"Karsten-Nendel-Stiftung","article_modified_time":"2025-12-01T18:38:50+00:00","og_image":[{"width":349,"height":461,"url":"https:\/\/karsten-nendel-stiftung.de\/kns\/wp-content\/uploads\/2022\/05\/karsten-nendel-e1656254405645.jpg","type":"image\/jpeg"}],"twitter_card":"summary_large_image","twitter_misc":{"Gesch\u00e4tzte Lesezeit":"3\u00a0Minuten"},"schema":{"@context":"https:\/\/schema.org","@graph":[{"@type":"WebPage","@id":"https:\/\/karsten-nendel-stiftung.de\/kns\/ueber-die-stiftung\/","url":"https:\/\/karsten-nendel-stiftung.de\/kns\/ueber-die-stiftung\/","name":"\u00dcber die Stiftung - Karsten-Nendel-Stiftung","isPartOf":{"@id":"https:\/\/karsten-nendel-stiftung.de\/kns\/#website"},"primaryImageOfPage":{"@id":"https:\/\/karsten-nendel-stiftung.de\/kns\/ueber-die-stiftung\/#primaryimage"},"image":{"@id":"https:\/\/karsten-nendel-stiftung.de\/kns\/ueber-die-stiftung\/#primaryimage"},"thumbnailUrl":"https:\/\/karsten-nendel-stiftung.de\/kns\/wp-content\/uploads\/2022\/05\/karsten-nendel.jpg","datePublished":"2022-05-31T11:45:24+00:00","dateModified":"2025-12-01T18:38:50+00:00","description":"Karsten-Nendel-Stiftung, Umweltschutz, Naturschutz aus privaten Mitteln gegr\u00fcndete gemeinn\u00fctzige Stiftung, die bundesweit t\u00e4tig ist.","breadcrumb":{"@id":"https:\/\/karsten-nendel-stiftung.de\/kns\/ueber-die-stiftung\/#breadcrumb"},"inLanguage":"de","potentialAction":[{"@type":"ReadAction","target":["https:\/\/karsten-nendel-stiftung.de\/kns\/ueber-die-stiftung\/"]}]},{"@type":"ImageObject","inLanguage":"de","@id":"https:\/\/karsten-nendel-stiftung.de\/kns\/ueber-die-stiftung\/#primaryimage","url":"https:\/\/karsten-nendel-stiftung.de\/kns\/wp-content\/uploads\/2022\/05\/karsten-nendel.jpg","contentUrl":"https:\/\/karsten-nendel-stiftung.de\/kns\/wp-content\/uploads\/2022\/05\/karsten-nendel.jpg"},{"@type":"BreadcrumbList","@id":"https:\/\/karsten-nendel-stiftung.de\/kns\/ueber-die-stiftung\/#breadcrumb","itemListElement":[{"@type":"ListItem","position":1,"name":"Startseite","item":"https:\/\/karsten-nendel-stiftung.de\/kns\/"},{"@type":"ListItem","position":2,"name":"\u00dcber die Stiftung"}]},{"@type":"WebSite","@id":"https:\/\/karsten-nendel-stiftung.de\/kns\/#website","url":"https:\/\/karsten-nendel-stiftung.de\/kns\/","name":"Karsten-Nendel-Stiftung","description":"Naturschutz: F\u00fcr die Natur, mit der Natur!","publisher":{"@id":"https:\/\/karsten-nendel-stiftung.de\/kns\/#organization"},"potentialAction":[{"@type":"SearchAction","target":{"@type":"EntryPoint","urlTemplate":"https:\/\/karsten-nendel-stiftung.de\/kns\/?s={search_term_string}"},"query-input":{"@type":"PropertyValueSpecification","valueRequired":true,"valueName":"search_term_string"}}],"inLanguage":"de"},{"@type":"Organization","@id":"https:\/\/karsten-nendel-stiftung.de\/kns\/#organization","name":"Karsten-Nendel-Stiftung","url":"https:\/\/karsten-nendel-stiftung.de\/kns\/","logo":{"@type":"ImageObject","inLanguage":"de","@id":"https:\/\/karsten-nendel-stiftung.de\/kns\/#\/schema\/logo\/image\/","url":"https:\/\/karsten-nendel-stiftung.de\/kns\/wp-content\/uploads\/2022\/05\/logo2-1-e1655799995143.png","contentUrl":"https:\/\/karsten-nendel-stiftung.de\/kns\/wp-content\/uploads\/2022\/05\/logo2-1-e1655799995143.png","width":350,"height":207,"caption":"Karsten-Nendel-Stiftung"},"image":{"@id":"https:\/\/karsten-nendel-stiftung.de\/kns\/#\/schema\/logo\/image\/"}}]}},"campaignId":"","_links":{"self":[{"href":"https:\/\/karsten-nendel-stiftung.de\/kns\/wp-json\/wp\/v2\/pages\/6","targetHints":{"allow":["GET"]}}],"collection":[{"href":"https:\/\/karsten-nendel-stiftung.de\/kns\/wp-json\/wp\/v2\/pages"}],"about":[{"href":"https:\/\/karsten-nendel-stiftung.de\/kns\/wp-json\/wp\/v2\/types\/page"}],"author":[{"embeddable":true,"href":"https:\/\/karsten-nendel-stiftung.de\/kns\/wp-json\/wp\/v2\/users\/2"}],"replies":[{"embeddable":true,"href":"https:\/\/karsten-nendel-stiftung.de\/kns\/wp-json\/wp\/v2\/comments?post=6"}],"version-history":[{"count":15,"href":"https:\/\/karsten-nendel-stiftung.de\/kns\/wp-json\/wp\/v2\/pages\/6\/revisions"}],"predecessor-version":[{"id":1400,"href":"https:\/\/karsten-nendel-stiftung.de\/kns\/wp-json\/wp\/v2\/pages\/6\/revisions\/1400"}],"wp:attachment":[{"href":"https:\/\/karsten-nendel-stiftung.de\/kns\/wp-json\/wp\/v2\/media?parent=6"}],"curies":[{"name":"wp","href":"https:\/\/api.w.org\/{rel}","templated":true}]}}